{"id":63410,"date":"2024-05-22T08:39:44","date_gmt":"2024-05-22T08:39:44","guid":{"rendered":"https:\/\/www.madein-shops.com\/?post_type=product&#038;p=63410"},"modified":"2026-02-16T20:24:35","modified_gmt":"2026-02-16T20:24:35","slug":"sandalia-plataforma-preta-em-pele","status":"publish","type":"product","link":"https:\/\/www.madein-shops.com\/en\/produto\/sandalia-plataforma-preta-em-pele\/","title":{"rendered":"Sand\u00e1lia Plataforma Cubanas Preta em Pele"},"content":{"rendered":"<div>Sand\u00e1lia de plataforma preta em pele. A sand\u00e1lia VOLGA101BLACK da Cubanas traz consigo a mistura da eleg\u00e2ncia com as linhas cl\u00e1ssicas que enaltecem este modelo.<\/div>\n<div><\/div>\n<div><strong>Caracter\u00edsticas<\/strong><\/div>\n<div>Materiais: Pele<\/div>\n<div>Refer\u00eancia: VOLGA101BLACK<\/div>\n","protected":false},"excerpt":{"rendered":"<div>Sand\u00e1lia de plataforma preta em pele. A sand\u00e1lia VOLGA101BLACK da Cubanas traz consigo a mistura da eleg\u00e2ncia com as linhas cl\u00e1ssicas que enaltecem este modelo.<\/div>\n<div><\/div>\n<div><strong>Caracter\u00edsticas<\/strong><\/div>\n<div>Materiais: Pele<\/div>\n<div>Refer\u00eancia: VOLGA101BLACK<\/div>\n","protected":false},"featured_media":63411,"comment_status":"open","ping_status":"closed","template":"","meta":[],"pwb-brand":[194],"product_brand":[],"product_cat":[210,238],"product_tag":[],"class_list":{"0":"post-63410","1":"product","2":"type-product","3":"status-publish","4":"has-post-thumbnail","6":"pwb-brand-cubanas","7":"product_cat-sandals-nc-en","8":"product_cat-sandals-cubanas","10":"first","11":"instock","12":"sale","13":"taxable","14":"shipping-taxable","15":"purchasable","16":"product-type-variable"},"brands":[{"id":194,"name":"Cubanas","slug":"cubanas"}],"_links":{"self":[{"href":"https:\/\/www.madein-shops.com\/en\/wp-json\/wp\/v2\/product\/63410","targetHints":{"allow":["GET"]}}],"collection":[{"href":"https:\/\/www.madein-shops.com\/en\/wp-json\/wp\/v2\/product"}],"about":[{"href":"https:\/\/www.madein-shops.com\/en\/wp-json\/wp\/v2\/types\/product"}],"replies":[{"embeddable":true,"href":"https:\/\/www.madein-shops.com\/en\/wp-json\/wp\/v2\/comments?post=63410"}],"wp:featuredmedia":[{"embeddable":true,"href":"https:\/\/www.madein-shops.com\/en\/wp-json\/wp\/v2\/media\/63411"}],"wp:attachment":[{"href":"https:\/\/www.madein-shops.com\/en\/wp-json\/wp\/v2\/media?parent=63410"}],"wp:term":[{"taxonomy":"pwb-brand","embeddable":true,"href":"https:\/\/www.madein-shops.com\/en\/wp-json\/wp\/v2\/pwb-brand?post=63410"},{"taxonomy":"product_brand","embeddable":true,"href":"https:\/\/www.madein-shops.com\/en\/wp-json\/wp\/v2\/product_brand?post=63410"},{"taxonomy":"product_cat","embeddable":true,"href":"https:\/\/www.madein-shops.com\/en\/wp-json\/wp\/v2\/product_cat?post=63410"},{"taxonomy":"product_tag","embeddable":true,"href":"https:\/\/www.madein-shops.com\/en\/wp-json\/wp\/v2\/product_tag?post=63410"}],"curies":[{"name":"wp","href":"https:\/\/api.w.org\/{rel}","templated":true}]}}