{"id":63587,"date":"2024-05-22T09:50:50","date_gmt":"2024-05-22T09:50:50","guid":{"rendered":"https:\/\/www.madein-shops.com\/?post_type=product&#038;p=63587"},"modified":"2026-02-16T20:24:32","modified_gmt":"2026-02-16T20:24:32","slug":"sandalia-rasa-em-pele-branca","status":"publish","type":"product","link":"https:\/\/www.madein-shops.com\/en\/produto\/sandalia-rasa-em-pele-branca\/","title":{"rendered":"Sand\u00e1lia Rasa Cubanas em Pele Branca"},"content":{"rendered":"<div>Sand\u00e1lia rasa em pele branca. O modelo PILL110WHITE da Cubanas, para al\u00e9m de confort\u00e1vel, torna-se descontra\u00eddo e perfeito para os dias tranquilos de Ver\u00e3o.<\/div>\n<div><\/div>\n<div><strong>Caracter\u00edsticas<\/strong><\/div>\n<div>Material: Pele<\/div>\n<div>Refer\u00eancia: PILL110WHITE<\/div>\n","protected":false},"excerpt":{"rendered":"<div>Sand\u00e1lia rasa em pele branca. O modelo PILL110WHITE da Cubanas, para al\u00e9m de confort\u00e1vel, torna-se descontra\u00eddo e perfeito para os dias tranquilos de Ver\u00e3o.<\/div>\n<div><\/div>\n<div><strong>Caracter\u00edsticas<\/strong><\/div>\n<div>Material: Pele<\/div>\n<div>Refer\u00eancia: PILL110WHITE<\/div>\n","protected":false},"featured_media":63588,"comment_status":"open","ping_status":"closed","template":"","meta":[],"pwb-brand":[194],"product_brand":[],"product_cat":[210,238],"product_tag":[],"class_list":{"0":"post-63587","1":"product","2":"type-product","3":"status-publish","4":"has-post-thumbnail","6":"pwb-brand-cubanas","7":"product_cat-sandals-nc-en","8":"product_cat-sandals-cubanas","10":"first","11":"instock","12":"taxable","13":"shipping-taxable","14":"purchasable","15":"product-type-variable"},"brands":[{"id":194,"name":"Cubanas","slug":"cubanas"}],"_links":{"self":[{"href":"https:\/\/www.madein-shops.com\/en\/wp-json\/wp\/v2\/product\/63587","targetHints":{"allow":["GET"]}}],"collection":[{"href":"https:\/\/www.madein-shops.com\/en\/wp-json\/wp\/v2\/product"}],"about":[{"href":"https:\/\/www.madein-shops.com\/en\/wp-json\/wp\/v2\/types\/product"}],"replies":[{"embeddable":true,"href":"https:\/\/www.madein-shops.com\/en\/wp-json\/wp\/v2\/comments?post=63587"}],"wp:featuredmedia":[{"embeddable":true,"href":"https:\/\/www.madein-shops.com\/en\/wp-json\/wp\/v2\/media\/63588"}],"wp:attachment":[{"href":"https:\/\/www.madein-shops.com\/en\/wp-json\/wp\/v2\/media?parent=63587"}],"wp:term":[{"taxonomy":"pwb-brand","embeddable":true,"href":"https:\/\/www.madein-shops.com\/en\/wp-json\/wp\/v2\/pwb-brand?post=63587"},{"taxonomy":"product_brand","embeddable":true,"href":"https:\/\/www.madein-shops.com\/en\/wp-json\/wp\/v2\/product_brand?post=63587"},{"taxonomy":"product_cat","embeddable":true,"href":"https:\/\/www.madein-shops.com\/en\/wp-json\/wp\/v2\/product_cat?post=63587"},{"taxonomy":"product_tag","embeddable":true,"href":"https:\/\/www.madein-shops.com\/en\/wp-json\/wp\/v2\/product_tag?post=63587"}],"curies":[{"name":"wp","href":"https:\/\/api.w.org\/{rel}","templated":true}]}}