{"id":676761,"date":"2025-02-25T10:06:53","date_gmt":"2025-02-25T10:06:53","guid":{"rendered":"https:\/\/www.madein-shops.com\/?post_type=product&#038;p=676761"},"modified":"2026-02-03T14:14:51","modified_gmt":"2026-02-03T14:14:51","slug":"tenis-em-camurca-beige-e-atacadores-3","status":"publish","type":"product","link":"https:\/\/www.madein-shops.com\/en\/produto\/tenis-em-camurca-beige-e-atacadores-3\/","title":{"rendered":"T\u00e9nis Cubanas em Camur\u00e7a Beige e Atacadores"},"content":{"rendered":"<p>Este modelo da Cubanas \u00e9 um convite para expressar a sua personalidade. Com um design intemporal, ele combina perfeitamente com diferentes estilos, garantindo sofistica\u00e7\u00e3o sem esfor\u00e7o em qualquer momento do dia.<\/p>\n<p><strong>Detalhes<\/strong><br \/>\nRefer\u00eancia: GOTA840BEIGE2<br \/>\nMaterial: Tecido e Camur\u00e7a<\/p>\n","protected":false},"excerpt":{"rendered":"<p>Este modelo da Cubanas \u00e9 um convite para expressar a sua personalidade. Com um design intemporal, ele combina perfeitamente com diferentes estilos, garantindo sofistica\u00e7\u00e3o sem esfor\u00e7o em qualquer momento do dia.<\/p>\n<p><strong>Detalhes<\/strong><br \/>\nRefer\u00eancia: GOTA840BEIGE2<br \/>\nMaterial: Tecido e Camur\u00e7a<\/p>\n","protected":false},"featured_media":676803,"comment_status":"closed","ping_status":"closed","template":"","meta":[],"pwb-brand":[194],"product_brand":[],"product_cat":[314,88,104],"product_tag":[],"class_list":{"0":"post-676761","1":"product","2":"type-product","3":"status-publish","4":"has-post-thumbnail","6":"pwb-brand-cubanas","7":"product_cat-preview-ss25","8":"product_cat-sneakers-cubanas","9":"product_cat-sneakers-sp","11":"first","12":"instock","13":"sale","14":"taxable","15":"shipping-taxable","16":"purchasable","17":"product-type-variable"},"brands":[{"id":194,"name":"Cubanas","slug":"cubanas"}],"_links":{"self":[{"href":"https:\/\/www.madein-shops.com\/en\/wp-json\/wp\/v2\/product\/676761","targetHints":{"allow":["GET"]}}],"collection":[{"href":"https:\/\/www.madein-shops.com\/en\/wp-json\/wp\/v2\/product"}],"about":[{"href":"https:\/\/www.madein-shops.com\/en\/wp-json\/wp\/v2\/types\/product"}],"replies":[{"embeddable":true,"href":"https:\/\/www.madein-shops.com\/en\/wp-json\/wp\/v2\/comments?post=676761"}],"wp:featuredmedia":[{"embeddable":true,"href":"https:\/\/www.madein-shops.com\/en\/wp-json\/wp\/v2\/media\/676803"}],"wp:attachment":[{"href":"https:\/\/www.madein-shops.com\/en\/wp-json\/wp\/v2\/media?parent=676761"}],"wp:term":[{"taxonomy":"pwb-brand","embeddable":true,"href":"https:\/\/www.madein-shops.com\/en\/wp-json\/wp\/v2\/pwb-brand?post=676761"},{"taxonomy":"product_brand","embeddable":true,"href":"https:\/\/www.madein-shops.com\/en\/wp-json\/wp\/v2\/product_brand?post=676761"},{"taxonomy":"product_cat","embeddable":true,"href":"https:\/\/www.madein-shops.com\/en\/wp-json\/wp\/v2\/product_cat?post=676761"},{"taxonomy":"product_tag","embeddable":true,"href":"https:\/\/www.madein-shops.com\/en\/wp-json\/wp\/v2\/product_tag?post=676761"}],"curies":[{"name":"wp","href":"https:\/\/api.w.org\/{rel}","templated":true}]}}