{"id":706075,"date":"2025-03-11T10:25:16","date_gmt":"2025-03-11T10:25:16","guid":{"rendered":"https:\/\/www.madein-shops.com\/?post_type=product&#038;p=706075"},"modified":"2025-03-21T15:36:27","modified_gmt":"2025-03-21T15:36:27","slug":"mala-em-pele-dourada-e-pormenor-de-franjas","status":"publish","type":"product","link":"https:\/\/www.madein-shops.com\/en\/produto\/mala-em-pele-dourada-e-pormenor-de-franjas\/","title":{"rendered":"Mala Cubanas em Pele Dourada e Pormenor de Franjas"},"content":{"rendered":"<p>Este modelo da Cubanas \u00e9 um convite para expressar a sua personalidade. Com um design intemporal, que combina perfeitamente com diferentes estilos, garantindo sofistica\u00e7\u00e3o sem esfor\u00e7o em qualquer momento do dia.<\/p>\n<p><strong>Detalhes<\/strong><br \/>\nRefer\u00eancia: ARM100GOLD<br \/>\nMaterial: Pele<\/p>\n","protected":false},"excerpt":{"rendered":"<p>Este modelo da Cubanas \u00e9 um convite para expressar a sua personalidade. Com um design intemporal, que combina perfeitamente com diferentes estilos, garantindo sofistica\u00e7\u00e3o sem esfor\u00e7o em qualquer momento do dia.<\/p>\n<p><strong>Detalhes<\/strong><br \/>\nRefer\u00eancia: ARM100GOLD<br \/>\nMaterial: Pele<\/p>\n","protected":false},"featured_media":706256,"comment_status":"closed","ping_status":"closed","template":"","meta":[],"pwb-brand":[],"product_brand":[],"product_cat":[314],"product_tag":[],"class_list":{"0":"post-706075","1":"product","2":"type-product","3":"status-publish","4":"has-post-thumbnail","6":"product_cat-preview-ss25","8":"first","9":"instock","10":"taxable","11":"shipping-taxable","12":"purchasable","13":"product-type-simple"},"brands":[],"_links":{"self":[{"href":"https:\/\/www.madein-shops.com\/en\/wp-json\/wp\/v2\/product\/706075","targetHints":{"allow":["GET"]}}],"collection":[{"href":"https:\/\/www.madein-shops.com\/en\/wp-json\/wp\/v2\/product"}],"about":[{"href":"https:\/\/www.madein-shops.com\/en\/wp-json\/wp\/v2\/types\/product"}],"replies":[{"embeddable":true,"href":"https:\/\/www.madein-shops.com\/en\/wp-json\/wp\/v2\/comments?post=706075"}],"wp:featuredmedia":[{"embeddable":true,"href":"https:\/\/www.madein-shops.com\/en\/wp-json\/wp\/v2\/media\/706256"}],"wp:attachment":[{"href":"https:\/\/www.madein-shops.com\/en\/wp-json\/wp\/v2\/media?parent=706075"}],"wp:term":[{"taxonomy":"pwb-brand","embeddable":true,"href":"https:\/\/www.madein-shops.com\/en\/wp-json\/wp\/v2\/pwb-brand?post=706075"},{"taxonomy":"product_brand","embeddable":true,"href":"https:\/\/www.madein-shops.com\/en\/wp-json\/wp\/v2\/product_brand?post=706075"},{"taxonomy":"product_cat","embeddable":true,"href":"https:\/\/www.madein-shops.com\/en\/wp-json\/wp\/v2\/product_cat?post=706075"},{"taxonomy":"product_tag","embeddable":true,"href":"https:\/\/www.madein-shops.com\/en\/wp-json\/wp\/v2\/product_tag?post=706075"}],"curies":[{"name":"wp","href":"https:\/\/api.w.org\/{rel}","templated":true}]}}