{"id":744345,"date":"2025-03-27T16:14:32","date_gmt":"2025-03-27T16:14:32","guid":{"rendered":"https:\/\/www.madein-shops.com\/?post_type=product&#038;p=744345"},"modified":"2026-02-03T20:18:21","modified_gmt":"2026-02-03T20:18:21","slug":"tenis-arezzo-em-pele-branca-e-pormenor","status":"publish","type":"product","link":"https:\/\/www.madein-shops.com\/en\/produto\/tenis-arezzo-em-pele-branca-e-pormenor\/","title":{"rendered":"T\u00e9nis Arezzo em Pele Branca e Pormenor"},"content":{"rendered":"<p>Este artigo da Arezzo traz consigo a mistura da eleg\u00e2ncia com as linhas cl\u00e1ssicas que enaltecem este modelo.<\/p>\n<p><strong>Caracter\u00edsticas<\/strong><br \/>\nMateriais: Pele<br \/>\nRefer\u00eancia: A1347600020003<\/p>\n","protected":false},"excerpt":{"rendered":"<p>Este artigo da Arezzo traz consigo a mistura da eleg\u00e2ncia com as linhas cl\u00e1ssicas que enaltecem este modelo.<\/p>\n<p><strong>Caracter\u00edsticas<\/strong><br \/>\nMateriais: Pele<br \/>\nRefer\u00eancia: A1347600020003<\/p>\n","protected":false},"featured_media":744346,"comment_status":"open","ping_status":"closed","template":"","meta":[],"pwb-brand":[191],"product_brand":[],"product_cat":[314,84,104],"product_tag":[],"class_list":{"0":"post-744345","1":"product","2":"type-product","3":"status-publish","4":"has-post-thumbnail","6":"pwb-brand-arezzo","7":"product_cat-preview-ss25","8":"product_cat-sneakers-arezzo","9":"product_cat-sneakers-sp","11":"first","12":"instock","13":"sale","14":"taxable","15":"shipping-taxable","16":"purchasable","17":"product-type-variable"},"brands":[{"id":191,"name":"Arezzo","slug":"arezzo"}],"_links":{"self":[{"href":"https:\/\/www.madein-shops.com\/en\/wp-json\/wp\/v2\/product\/744345","targetHints":{"allow":["GET"]}}],"collection":[{"href":"https:\/\/www.madein-shops.com\/en\/wp-json\/wp\/v2\/product"}],"about":[{"href":"https:\/\/www.madein-shops.com\/en\/wp-json\/wp\/v2\/types\/product"}],"replies":[{"embeddable":true,"href":"https:\/\/www.madein-shops.com\/en\/wp-json\/wp\/v2\/comments?post=744345"}],"wp:featuredmedia":[{"embeddable":true,"href":"https:\/\/www.madein-shops.com\/en\/wp-json\/wp\/v2\/media\/744346"}],"wp:attachment":[{"href":"https:\/\/www.madein-shops.com\/en\/wp-json\/wp\/v2\/media?parent=744345"}],"wp:term":[{"taxonomy":"pwb-brand","embeddable":true,"href":"https:\/\/www.madein-shops.com\/en\/wp-json\/wp\/v2\/pwb-brand?post=744345"},{"taxonomy":"product_brand","embeddable":true,"href":"https:\/\/www.madein-shops.com\/en\/wp-json\/wp\/v2\/product_brand?post=744345"},{"taxonomy":"product_cat","embeddable":true,"href":"https:\/\/www.madein-shops.com\/en\/wp-json\/wp\/v2\/product_cat?post=744345"},{"taxonomy":"product_tag","embeddable":true,"href":"https:\/\/www.madein-shops.com\/en\/wp-json\/wp\/v2\/product_tag?post=744345"}],"curies":[{"name":"wp","href":"https:\/\/api.w.org\/{rel}","templated":true}]}}