{"id":779296,"date":"2025-04-17T14:36:43","date_gmt":"2025-04-17T14:36:43","guid":{"rendered":"https:\/\/www.madein-shops.com\/?post_type=product&#038;p=779296"},"modified":"2026-03-31T19:09:38","modified_gmt":"2026-03-31T19:09:38","slug":"mocassim-em-camurca-verde-e-sola-volumosa","status":"publish","type":"product","link":"https:\/\/www.madein-shops.com\/en\/produto\/mocassim-em-camurca-verde-e-sola-volumosa\/","title":{"rendered":"Mocassim em Camur\u00e7a Verde e Sola Volumosa"},"content":{"rendered":"<div>Este modelo da Cubanas \u00e9 um convite para expressar a sua personalidade. Com um design intemporal, que combina perfeitamente com diferentes estilos, garantindo sofistica\u00e7\u00e3o sem esfor\u00e7o em qualquer momento do dia.<\/div>\n<div><\/div>\n<div><strong>Detalhes<\/strong><\/div>\n<div>Refer\u00eancia: COOL100GREEN<\/div>\n<div>Material: Camur\u00e7a<\/div>\n","protected":false},"excerpt":{"rendered":"<div>Este modelo da Cubanas \u00e9 um convite para expressar a sua personalidade. Com um design intemporal, que combina perfeitamente com diferentes estilos, garantindo sofistica\u00e7\u00e3o sem esfor\u00e7o em qualquer momento do dia.<\/div>\n<div><\/div>\n<div><strong>Detalhes<\/strong><\/div>\n<div>Refer\u00eancia: COOL100GREEN<\/div>\n<div>Material: Camur\u00e7a<\/div>\n","protected":false},"featured_media":779359,"comment_status":"closed","ping_status":"closed","template":"","meta":[],"pwb-brand":[],"product_brand":[],"product_cat":[314],"product_tag":[],"class_list":{"0":"post-779296","1":"product","2":"type-product","3":"status-publish","4":"has-post-thumbnail","6":"product_cat-preview-ss25","8":"first","9":"instock","10":"sale","11":"taxable","12":"shipping-taxable","13":"purchasable","14":"product-type-variable"},"brands":[],"_links":{"self":[{"href":"https:\/\/www.madein-shops.com\/en\/wp-json\/wp\/v2\/product\/779296","targetHints":{"allow":["GET"]}}],"collection":[{"href":"https:\/\/www.madein-shops.com\/en\/wp-json\/wp\/v2\/product"}],"about":[{"href":"https:\/\/www.madein-shops.com\/en\/wp-json\/wp\/v2\/types\/product"}],"replies":[{"embeddable":true,"href":"https:\/\/www.madein-shops.com\/en\/wp-json\/wp\/v2\/comments?post=779296"}],"wp:featuredmedia":[{"embeddable":true,"href":"https:\/\/www.madein-shops.com\/en\/wp-json\/wp\/v2\/media\/779359"}],"wp:attachment":[{"href":"https:\/\/www.madein-shops.com\/en\/wp-json\/wp\/v2\/media?parent=779296"}],"wp:term":[{"taxonomy":"pwb-brand","embeddable":true,"href":"https:\/\/www.madein-shops.com\/en\/wp-json\/wp\/v2\/pwb-brand?post=779296"},{"taxonomy":"product_brand","embeddable":true,"href":"https:\/\/www.madein-shops.com\/en\/wp-json\/wp\/v2\/product_brand?post=779296"},{"taxonomy":"product_cat","embeddable":true,"href":"https:\/\/www.madein-shops.com\/en\/wp-json\/wp\/v2\/product_cat?post=779296"},{"taxonomy":"product_tag","embeddable":true,"href":"https:\/\/www.madein-shops.com\/en\/wp-json\/wp\/v2\/product_tag?post=779296"}],"curies":[{"name":"wp","href":"https:\/\/api.w.org\/{rel}","templated":true}]}}