{"id":779417,"date":"2025-04-17T14:38:28","date_gmt":"2025-04-17T14:38:28","guid":{"rendered":"https:\/\/www.madein-shops.com\/?post_type=product&#038;p=779417"},"modified":"2026-02-19T20:10:36","modified_gmt":"2026-02-19T20:10:36","slug":"sabrina-em-tecido-prata-2","status":"publish","type":"product","link":"https:\/\/www.madein-shops.com\/en\/produto\/sabrina-em-tecido-prata-2\/","title":{"rendered":"Sabrina em Tecido Prata"},"content":{"rendered":"<div>Este modelo da Cubanas \u00e9 um convite para expressar a sua personalidade. Com um design intemporal, que combina perfeitamente com diferentes estilos, garantindo sofistica\u00e7\u00e3o sem esfor\u00e7o em qualquer momento do dia.<\/div>\n<div><\/div>\n<div><strong>Detalhes<\/strong><\/div>\n<div>Refer\u00eancia: DOOL120BLACK<\/div>\n<div>Material: Tecido<\/div>\n","protected":false},"excerpt":{"rendered":"<div>Este modelo da Cubanas \u00e9 um convite para expressar a sua personalidade. Com um design intemporal, que combina perfeitamente com diferentes estilos, garantindo sofistica\u00e7\u00e3o sem esfor\u00e7o em qualquer momento do dia.<\/div>\n<div><\/div>\n<div><strong>Detalhes<\/strong><\/div>\n<div>Refer\u00eancia: DOOL120BLACK<\/div>\n<div>Material: Tecido<\/div>\n","protected":false},"featured_media":779505,"comment_status":"closed","ping_status":"closed","template":"","meta":[],"pwb-brand":[],"product_brand":[],"product_cat":[314],"product_tag":[],"class_list":{"0":"post-779417","1":"product","2":"type-product","3":"status-publish","4":"has-post-thumbnail","6":"product_cat-preview-ss25","8":"first","9":"instock","10":"taxable","11":"shipping-taxable","12":"purchasable","13":"product-type-variable"},"brands":[],"_links":{"self":[{"href":"https:\/\/www.madein-shops.com\/en\/wp-json\/wp\/v2\/product\/779417","targetHints":{"allow":["GET"]}}],"collection":[{"href":"https:\/\/www.madein-shops.com\/en\/wp-json\/wp\/v2\/product"}],"about":[{"href":"https:\/\/www.madein-shops.com\/en\/wp-json\/wp\/v2\/types\/product"}],"replies":[{"embeddable":true,"href":"https:\/\/www.madein-shops.com\/en\/wp-json\/wp\/v2\/comments?post=779417"}],"wp:featuredmedia":[{"embeddable":true,"href":"https:\/\/www.madein-shops.com\/en\/wp-json\/wp\/v2\/media\/779505"}],"wp:attachment":[{"href":"https:\/\/www.madein-shops.com\/en\/wp-json\/wp\/v2\/media?parent=779417"}],"wp:term":[{"taxonomy":"pwb-brand","embeddable":true,"href":"https:\/\/www.madein-shops.com\/en\/wp-json\/wp\/v2\/pwb-brand?post=779417"},{"taxonomy":"product_brand","embeddable":true,"href":"https:\/\/www.madein-shops.com\/en\/wp-json\/wp\/v2\/product_brand?post=779417"},{"taxonomy":"product_cat","embeddable":true,"href":"https:\/\/www.madein-shops.com\/en\/wp-json\/wp\/v2\/product_cat?post=779417"},{"taxonomy":"product_tag","embeddable":true,"href":"https:\/\/www.madein-shops.com\/en\/wp-json\/wp\/v2\/product_tag?post=779417"}],"curies":[{"name":"wp","href":"https:\/\/api.w.org\/{rel}","templated":true}]}}