{"id":779952,"date":"2025-04-17T15:24:24","date_gmt":"2025-04-17T15:24:24","guid":{"rendered":"https:\/\/www.madein-shops.com\/?post_type=product&#038;p=779952"},"modified":"2026-03-27T20:05:53","modified_gmt":"2026-03-27T20:05:53","slug":"sandalia-em-pele-dourada-e-tiras-cruzadas-4","status":"publish","type":"product","link":"https:\/\/www.madein-shops.com\/en\/produto\/sandalia-em-pele-dourada-e-tiras-cruzadas-4\/","title":{"rendered":"Sand\u00e1lia em Pele Dourada e Tiras Cruzadas"},"content":{"rendered":"<p>Este modelo da Cubanas \u00e9 um convite para expressar a sua personalidade. Com um design intemporal, que combina perfeitamente com diferentes estilos, garantindo sofistica\u00e7\u00e3o sem esfor\u00e7o em qualquer momento do dia.<\/p>\n<p><strong>Detalhes<\/strong><br \/>\nRefer\u00eancia: MELI103GOLD<br \/>\nMaterial: Pele<\/p>\n","protected":false},"excerpt":{"rendered":"<p>Este modelo da Cubanas \u00e9 um convite para expressar a sua personalidade. Com um design intemporal, que combina perfeitamente com diferentes estilos, garantindo sofistica\u00e7\u00e3o sem esfor\u00e7o em qualquer momento do dia.<\/p>\n<p><strong>Detalhes<\/strong><br \/>\nRefer\u00eancia: MELI103GOLD<br \/>\nMaterial: Pele<\/p>\n","protected":false},"featured_media":780061,"comment_status":"closed","ping_status":"closed","template":"","meta":[],"pwb-brand":[],"product_brand":[],"product_cat":[314],"product_tag":[],"class_list":{"0":"post-779952","1":"product","2":"type-product","3":"status-publish","4":"has-post-thumbnail","6":"product_cat-preview-ss25","8":"first","9":"instock","10":"sale","11":"taxable","12":"shipping-taxable","13":"purchasable","14":"product-type-variable"},"brands":[],"_links":{"self":[{"href":"https:\/\/www.madein-shops.com\/en\/wp-json\/wp\/v2\/product\/779952","targetHints":{"allow":["GET"]}}],"collection":[{"href":"https:\/\/www.madein-shops.com\/en\/wp-json\/wp\/v2\/product"}],"about":[{"href":"https:\/\/www.madein-shops.com\/en\/wp-json\/wp\/v2\/types\/product"}],"replies":[{"embeddable":true,"href":"https:\/\/www.madein-shops.com\/en\/wp-json\/wp\/v2\/comments?post=779952"}],"wp:featuredmedia":[{"embeddable":true,"href":"https:\/\/www.madein-shops.com\/en\/wp-json\/wp\/v2\/media\/780061"}],"wp:attachment":[{"href":"https:\/\/www.madein-shops.com\/en\/wp-json\/wp\/v2\/media?parent=779952"}],"wp:term":[{"taxonomy":"pwb-brand","embeddable":true,"href":"https:\/\/www.madein-shops.com\/en\/wp-json\/wp\/v2\/pwb-brand?post=779952"},{"taxonomy":"product_brand","embeddable":true,"href":"https:\/\/www.madein-shops.com\/en\/wp-json\/wp\/v2\/product_brand?post=779952"},{"taxonomy":"product_cat","embeddable":true,"href":"https:\/\/www.madein-shops.com\/en\/wp-json\/wp\/v2\/product_cat?post=779952"},{"taxonomy":"product_tag","embeddable":true,"href":"https:\/\/www.madein-shops.com\/en\/wp-json\/wp\/v2\/product_tag?post=779952"}],"curies":[{"name":"wp","href":"https:\/\/api.w.org\/{rel}","templated":true}]}}