{"id":811169,"date":"2025-05-05T09:05:11","date_gmt":"2025-05-05T09:05:11","guid":{"rendered":"https:\/\/www.madein-shops.com\/?post_type=product&#038;p=811169"},"modified":"2026-04-13T19:05:24","modified_gmt":"2026-04-13T19:05:24","slug":"alice-sandalia-em-pele-azul-e-tira-unica","status":"publish","type":"product","link":"https:\/\/www.madein-shops.com\/en\/produto\/alice-sandalia-em-pele-azul-e-tira-unica\/","title":{"rendered":"Alice-Sand\u00e1lia em Pele Azul e Tira \u00danica"},"content":{"rendered":"<div>Nova Cole\u00e7\u00e3o Comporta by Cubanas. A linha Comporta nasceu da uni\u00e3o entre a beleza da praia do Carvalhal e a riqueza natural do Alentejo. Feita \u00e0 m\u00e3o e em pele, re\u00fane design e conforto. Possui plantar em pele e almofadado que envolve os p\u00e9s e permite uma experi\u00eancia acolhedora e \u00fanica.<\/div>\n<div><\/div>\n<div><strong>Detalhes<\/strong><\/div>\n<div>Refer\u00eancia: ALICE100BLUE3<\/div>\n<div>Material: Pele<\/div>\n<div>Altura: 3cm<\/div>\n","protected":false},"excerpt":{"rendered":"<div>Nova Cole\u00e7\u00e3o Comporta by Cubanas. A linha Comporta nasceu da uni\u00e3o entre a beleza da praia do Carvalhal e a riqueza natural do Alentejo. Feita \u00e0 m\u00e3o e em pele, re\u00fane design e conforto. Possui plantar em pele e almofadado que envolve os p\u00e9s e permite uma experi\u00eancia acolhedora e \u00fanica.<\/div>\n<div><\/div>\n<div><strong>Detalhes<\/strong><\/div>\n<div>Refer\u00eancia: ALICE100BLUE3<\/div>\n<div>Material: Pele<\/div>\n<div>Altura: 3cm<\/div>\n","protected":false},"featured_media":811199,"comment_status":"closed","ping_status":"closed","template":"","meta":[],"pwb-brand":[194],"product_brand":[],"product_cat":[76,93],"product_tag":[],"class_list":{"0":"post-811169","1":"product","2":"type-product","3":"status-publish","4":"has-post-thumbnail","6":"pwb-brand-cubanas","7":"product_cat-comporta-nc","8":"product_cat-comporta-cubanas","10":"first","11":"instock","12":"taxable","13":"shipping-taxable","14":"purchasable","15":"product-type-variable"},"brands":[{"id":194,"name":"Cubanas","slug":"cubanas"}],"_links":{"self":[{"href":"https:\/\/www.madein-shops.com\/en\/wp-json\/wp\/v2\/product\/811169","targetHints":{"allow":["GET"]}}],"collection":[{"href":"https:\/\/www.madein-shops.com\/en\/wp-json\/wp\/v2\/product"}],"about":[{"href":"https:\/\/www.madein-shops.com\/en\/wp-json\/wp\/v2\/types\/product"}],"replies":[{"embeddable":true,"href":"https:\/\/www.madein-shops.com\/en\/wp-json\/wp\/v2\/comments?post=811169"}],"wp:featuredmedia":[{"embeddable":true,"href":"https:\/\/www.madein-shops.com\/en\/wp-json\/wp\/v2\/media\/811199"}],"wp:attachment":[{"href":"https:\/\/www.madein-shops.com\/en\/wp-json\/wp\/v2\/media?parent=811169"}],"wp:term":[{"taxonomy":"pwb-brand","embeddable":true,"href":"https:\/\/www.madein-shops.com\/en\/wp-json\/wp\/v2\/pwb-brand?post=811169"},{"taxonomy":"product_brand","embeddable":true,"href":"https:\/\/www.madein-shops.com\/en\/wp-json\/wp\/v2\/product_brand?post=811169"},{"taxonomy":"product_cat","embeddable":true,"href":"https:\/\/www.madein-shops.com\/en\/wp-json\/wp\/v2\/product_cat?post=811169"},{"taxonomy":"product_tag","embeddable":true,"href":"https:\/\/www.madein-shops.com\/en\/wp-json\/wp\/v2\/product_tag?post=811169"}],"curies":[{"name":"wp","href":"https:\/\/api.w.org\/{rel}","templated":true}]}}