{"id":811170,"date":"2025-05-05T09:05:15","date_gmt":"2025-05-05T09:05:15","guid":{"rendered":"https:\/\/www.madein-shops.com\/?post_type=product&#038;p=811170"},"modified":"2026-04-15T13:09:54","modified_gmt":"2026-04-15T13:09:54","slug":"amalia-sandalia-em-pele-beige-entrancada","status":"publish","type":"product","link":"https:\/\/www.madein-shops.com\/en\/produto\/amalia-sandalia-em-pele-beige-entrancada\/","title":{"rendered":"Amalia-Sand\u00e1lia em Pele Beige Entran\u00e7ada"},"content":{"rendered":"<div>Nova Cole\u00e7\u00e3o Comporta by Cubanas. A linha Comporta nasceu da uni\u00e3o entre a beleza da praia do Carvalhal e a riqueza natural do Alentejo. Feita \u00e0 m\u00e3o e em pele, re\u00fane design e conforto. Possui plantar em pele e almofadado que envolve os p\u00e9s e permite uma experi\u00eancia acolhedora e \u00fanica.<\/div>\n<div><\/div>\n<div><strong>Detalhes<\/strong><\/div>\n<div>Refer\u00eancia: AMALIA610BEIGE<\/div>\n<div>Material: Pele<\/div>\n<div>Altura: 3cm<\/div>\n","protected":false},"excerpt":{"rendered":"<div>Nova Cole\u00e7\u00e3o Comporta by Cubanas. A linha Comporta nasceu da uni\u00e3o entre a beleza da praia do Carvalhal e a riqueza natural do Alentejo. Feita \u00e0 m\u00e3o e em pele, re\u00fane design e conforto. Possui plantar em pele e almofadado que envolve os p\u00e9s e permite uma experi\u00eancia acolhedora e \u00fanica.<\/div>\n<div><\/div>\n<div><strong>Detalhes<\/strong><\/div>\n<div>Refer\u00eancia: AMALIA610BEIGE<\/div>\n<div>Material: Pele<\/div>\n<div>Altura: 3cm<\/div>\n","protected":false},"featured_media":811207,"comment_status":"closed","ping_status":"closed","template":"","meta":[],"pwb-brand":[194],"product_brand":[],"product_cat":[76,93],"product_tag":[],"class_list":{"0":"post-811170","1":"product","2":"type-product","3":"status-publish","4":"has-post-thumbnail","6":"pwb-brand-cubanas","7":"product_cat-comporta-nc","8":"product_cat-comporta-cubanas","10":"first","11":"instock","12":"taxable","13":"shipping-taxable","14":"purchasable","15":"product-type-variable"},"brands":[{"id":194,"name":"Cubanas","slug":"cubanas"}],"_links":{"self":[{"href":"https:\/\/www.madein-shops.com\/en\/wp-json\/wp\/v2\/product\/811170","targetHints":{"allow":["GET"]}}],"collection":[{"href":"https:\/\/www.madein-shops.com\/en\/wp-json\/wp\/v2\/product"}],"about":[{"href":"https:\/\/www.madein-shops.com\/en\/wp-json\/wp\/v2\/types\/product"}],"replies":[{"embeddable":true,"href":"https:\/\/www.madein-shops.com\/en\/wp-json\/wp\/v2\/comments?post=811170"}],"wp:featuredmedia":[{"embeddable":true,"href":"https:\/\/www.madein-shops.com\/en\/wp-json\/wp\/v2\/media\/811207"}],"wp:attachment":[{"href":"https:\/\/www.madein-shops.com\/en\/wp-json\/wp\/v2\/media?parent=811170"}],"wp:term":[{"taxonomy":"pwb-brand","embeddable":true,"href":"https:\/\/www.madein-shops.com\/en\/wp-json\/wp\/v2\/pwb-brand?post=811170"},{"taxonomy":"product_brand","embeddable":true,"href":"https:\/\/www.madein-shops.com\/en\/wp-json\/wp\/v2\/product_brand?post=811170"},{"taxonomy":"product_cat","embeddable":true,"href":"https:\/\/www.madein-shops.com\/en\/wp-json\/wp\/v2\/product_cat?post=811170"},{"taxonomy":"product_tag","embeddable":true,"href":"https:\/\/www.madein-shops.com\/en\/wp-json\/wp\/v2\/product_tag?post=811170"}],"curies":[{"name":"wp","href":"https:\/\/api.w.org\/{rel}","templated":true}]}}