{"id":842206,"date":"2025-05-21T15:40:55","date_gmt":"2025-05-21T15:40:55","guid":{"rendered":"https:\/\/www.madein-shops.com\/?post_type=product&#038;p=842206"},"modified":"2025-12-22T09:37:40","modified_gmt":"2025-12-22T09:37:40","slug":"mala-em-pele-verde-e-alca-de-corrente","status":"publish","type":"product","link":"https:\/\/www.madein-shops.com\/en\/produto\/mala-em-pele-verde-e-alca-de-corrente\/","title":{"rendered":"Mala Cubanas em Pele Verde e Al\u00e7a de Corrente"},"content":{"rendered":"<div>Este modelo da Cubanas \u00e9 um convite para expressar a sua personalidade. Com um design intemporal, que combina perfeitamente com diferentes estilos, garantindo sofistica\u00e7\u00e3o sem esfor\u00e7o em qualquer momento do dia.<\/div>\n<div><\/div>\n<div>&lt;strong&gt;Composi\u00e7\u00e3o:&lt;\/strong&gt;<\/div>\n<div>Refer\u00eancia: AMO100GREEN<\/div>\n<div>Exterior: Pele<\/div>\n<div>Al\u00e7a: Metal<\/div>\n","protected":false},"excerpt":{"rendered":"<div>Este modelo da Cubanas \u00e9 um convite para expressar a sua personalidade. Com um design intemporal, que combina perfeitamente com diferentes estilos, garantindo sofistica\u00e7\u00e3o sem esfor\u00e7o em qualquer momento do dia.<\/div>\n<div><\/div>\n<div>&lt;strong&gt;Composi\u00e7\u00e3o:&lt;\/strong&gt;<\/div>\n<div>Refer\u00eancia: AMO100GREEN<\/div>\n<div>Exterior: Pele<\/div>\n<div>Al\u00e7a: Metal<\/div>\n","protected":false},"featured_media":842252,"comment_status":"closed","ping_status":"closed","template":"","meta":[],"pwb-brand":[194],"product_brand":[],"product_cat":[78,95],"product_tag":[],"class_list":{"0":"post-842206","1":"product","2":"type-product","3":"status-publish","4":"has-post-thumbnail","6":"pwb-brand-cubanas","7":"product_cat-malas-nc","8":"product_cat-malas-cubanas","10":"first","11":"instock","12":"taxable","13":"shipping-taxable","14":"purchasable","15":"product-type-simple"},"brands":[{"id":194,"name":"Cubanas","slug":"cubanas"}],"_links":{"self":[{"href":"https:\/\/www.madein-shops.com\/en\/wp-json\/wp\/v2\/product\/842206","targetHints":{"allow":["GET"]}}],"collection":[{"href":"https:\/\/www.madein-shops.com\/en\/wp-json\/wp\/v2\/product"}],"about":[{"href":"https:\/\/www.madein-shops.com\/en\/wp-json\/wp\/v2\/types\/product"}],"replies":[{"embeddable":true,"href":"https:\/\/www.madein-shops.com\/en\/wp-json\/wp\/v2\/comments?post=842206"}],"wp:featuredmedia":[{"embeddable":true,"href":"https:\/\/www.madein-shops.com\/en\/wp-json\/wp\/v2\/media\/842252"}],"wp:attachment":[{"href":"https:\/\/www.madein-shops.com\/en\/wp-json\/wp\/v2\/media?parent=842206"}],"wp:term":[{"taxonomy":"pwb-brand","embeddable":true,"href":"https:\/\/www.madein-shops.com\/en\/wp-json\/wp\/v2\/pwb-brand?post=842206"},{"taxonomy":"product_brand","embeddable":true,"href":"https:\/\/www.madein-shops.com\/en\/wp-json\/wp\/v2\/product_brand?post=842206"},{"taxonomy":"product_cat","embeddable":true,"href":"https:\/\/www.madein-shops.com\/en\/wp-json\/wp\/v2\/product_cat?post=842206"},{"taxonomy":"product_tag","embeddable":true,"href":"https:\/\/www.madein-shops.com\/en\/wp-json\/wp\/v2\/product_tag?post=842206"}],"curies":[{"name":"wp","href":"https:\/\/api.w.org\/{rel}","templated":true}]}}