{"id":888444,"date":"2025-04-17T15:24:24","date_gmt":"2025-04-17T15:24:24","guid":{"rendered":"https:\/\/www.madein-shops.com\/produto\/alpergata-em-tecido-rosa-texturizado-2\/"},"modified":"2025-06-16T10:54:34","modified_gmt":"2025-06-16T10:54:34","slug":"alpergata-em-tecido-rosa-texturizado-2","status":"publish","type":"product","link":"https:\/\/www.madein-shops.com\/en\/produto\/alpergata-em-tecido-rosa-texturizado-2\/","title":{"rendered":"Pink Textured Fabric Espadrilles"},"content":{"rendered":"<p>Este modelo da Cubanas \u00e9 um convite para expressar a sua personalidade. Com um design intemporal, que combina perfeitamente com diferentes estilos, garantindo sofistica\u00e7\u00e3o sem esfor\u00e7o em qualquer momento do dia.<\/p>\n<p><strong>Detalhes:<\/strong><br \/>\nRefer\u00eancia: HOLLY1410PINK<br \/>\nMaterial: Tecido<\/p>\n","protected":false},"excerpt":{"rendered":"<p>Este modelo da Cubanas \u00e9 um convite para expressar a sua personalidade. Com um design intemporal, que combina perfeitamente com diferentes estilos, garantindo sofistica\u00e7\u00e3o sem esfor\u00e7o em qualquer momento do dia.<\/p>\n<p><strong>Detalhes:<\/strong><br \/>\nRefer\u00eancia: HOLLY1410PINK<br \/>\nMaterial: Tecido<\/p>\n","protected":false},"featured_media":780051,"comment_status":"closed","ping_status":"closed","template":"","meta":[],"pwb-brand":[194],"product_brand":[],"product_cat":[247,389],"product_tag":[],"class_list":{"0":"post-888444","1":"product","2":"type-product","3":"status-publish","4":"has-post-thumbnail","6":"pwb-brand-cubanas","7":"product_cat-espadrilles-nc","8":"product_cat-preview-ss25-en","10":"first","11":"instock","12":"taxable","13":"shipping-taxable","14":"purchasable","15":"product-type-variable"},"brands":[{"id":194,"name":"Cubanas","slug":"cubanas"}],"_links":{"self":[{"href":"https:\/\/www.madein-shops.com\/en\/wp-json\/wp\/v2\/product\/888444","targetHints":{"allow":["GET"]}}],"collection":[{"href":"https:\/\/www.madein-shops.com\/en\/wp-json\/wp\/v2\/product"}],"about":[{"href":"https:\/\/www.madein-shops.com\/en\/wp-json\/wp\/v2\/types\/product"}],"replies":[{"embeddable":true,"href":"https:\/\/www.madein-shops.com\/en\/wp-json\/wp\/v2\/comments?post=888444"}],"wp:featuredmedia":[{"embeddable":true,"href":"https:\/\/www.madein-shops.com\/en\/wp-json\/wp\/v2\/media\/780051"}],"wp:attachment":[{"href":"https:\/\/www.madein-shops.com\/en\/wp-json\/wp\/v2\/media?parent=888444"}],"wp:term":[{"taxonomy":"pwb-brand","embeddable":true,"href":"https:\/\/www.madein-shops.com\/en\/wp-json\/wp\/v2\/pwb-brand?post=888444"},{"taxonomy":"product_brand","embeddable":true,"href":"https:\/\/www.madein-shops.com\/en\/wp-json\/wp\/v2\/product_brand?post=888444"},{"taxonomy":"product_cat","embeddable":true,"href":"https:\/\/www.madein-shops.com\/en\/wp-json\/wp\/v2\/product_cat?post=888444"},{"taxonomy":"product_tag","embeddable":true,"href":"https:\/\/www.madein-shops.com\/en\/wp-json\/wp\/v2\/product_tag?post=888444"}],"curies":[{"name":"wp","href":"https:\/\/api.w.org\/{rel}","templated":true}]}}