{"id":901413,"date":"2024-10-25T16:50:21","date_gmt":"2024-10-25T16:50:21","guid":{"rendered":"https:\/\/www.madein-shops.com\/produto\/galocha-castanha-em-pvc-ecologico-com-fita-cubanas\/"},"modified":"2025-11-24T14:25:04","modified_gmt":"2025-11-24T14:25:04","slug":"galocha-castanha-em-pvc-ecologico-com-fita-cubanas","status":"publish","type":"product","link":"https:\/\/www.madein-shops.com\/en\/produto\/galocha-castanha-em-pvc-ecologico-com-fita-cubanas\/","title":{"rendered":"Galocha Castanha em PVC Ecol\u00f3gico com Fita Cubanas"},"content":{"rendered":"<p>MISTY110BROWN. GALOCHAS, as botas imperme\u00e1veis ideais para a chuva em PVC. Todas as nossas Galochas t\u00eam aroma a baunilha. Super femininas, divertidas e \u00fanicas \u2665<\/p>\n<p><strong>Caracter\u00edsticas<\/strong><br \/>\nMaterial: PVC<br \/>\nSalto: 3cm<\/p>\n","protected":false},"excerpt":{"rendered":"<p>MISTY110BROWN. GALOCHAS, as botas imperme\u00e1veis ideais para a chuva em PVC. Todas as nossas Galochas t\u00eam aroma a baunilha. Super femininas, divertidas e \u00fanicas \u2665<\/p>\n<p><strong>Caracter\u00edsticas<\/strong><br \/>\nMaterial: PVC<br \/>\nSalto: 3cm<\/p>\n","protected":false},"featured_media":401031,"comment_status":"open","ping_status":"closed","template":"","meta":[],"pwb-brand":[194],"product_brand":[],"product_cat":[394],"product_tag":[],"class_list":{"0":"post-901413","1":"product","2":"type-product","3":"status-publish","4":"has-post-thumbnail","6":"pwb-brand-cubanas","7":"product_cat-sem-categoria-en","9":"first","10":"instock","11":"taxable","12":"shipping-taxable","13":"purchasable","14":"product-type-variable"},"brands":[{"id":194,"name":"Cubanas","slug":"cubanas"}],"_links":{"self":[{"href":"https:\/\/www.madein-shops.com\/en\/wp-json\/wp\/v2\/product\/901413","targetHints":{"allow":["GET"]}}],"collection":[{"href":"https:\/\/www.madein-shops.com\/en\/wp-json\/wp\/v2\/product"}],"about":[{"href":"https:\/\/www.madein-shops.com\/en\/wp-json\/wp\/v2\/types\/product"}],"replies":[{"embeddable":true,"href":"https:\/\/www.madein-shops.com\/en\/wp-json\/wp\/v2\/comments?post=901413"}],"wp:featuredmedia":[{"embeddable":true,"href":"https:\/\/www.madein-shops.com\/en\/wp-json\/wp\/v2\/media\/401031"}],"wp:attachment":[{"href":"https:\/\/www.madein-shops.com\/en\/wp-json\/wp\/v2\/media?parent=901413"}],"wp:term":[{"taxonomy":"pwb-brand","embeddable":true,"href":"https:\/\/www.madein-shops.com\/en\/wp-json\/wp\/v2\/pwb-brand?post=901413"},{"taxonomy":"product_brand","embeddable":true,"href":"https:\/\/www.madein-shops.com\/en\/wp-json\/wp\/v2\/product_brand?post=901413"},{"taxonomy":"product_cat","embeddable":true,"href":"https:\/\/www.madein-shops.com\/en\/wp-json\/wp\/v2\/product_cat?post=901413"},{"taxonomy":"product_tag","embeddable":true,"href":"https:\/\/www.madein-shops.com\/en\/wp-json\/wp\/v2\/product_tag?post=901413"}],"curies":[{"name":"wp","href":"https:\/\/api.w.org\/{rel}","templated":true}]}}