{"id":901429,"date":"2024-10-23T15:12:49","date_gmt":"2024-10-23T15:12:49","guid":{"rendered":"https:\/\/www.madein-shops.com\/produto\/galocha-rainy-verde-escuro-com-acabamento-nobuckado\/"},"modified":"2024-10-23T15:12:49","modified_gmt":"2024-10-23T15:12:49","slug":"galocha-rainy-verde-escuro-com-acabamento-nobuckado","status":"publish","type":"product","link":"https:\/\/www.madein-shops.com\/en\/produto\/galocha-rainy-verde-escuro-com-acabamento-nobuckado\/","title":{"rendered":"Galocha Cubanas Verde Escuro Nobuckado"},"content":{"rendered":"<p>RAINY611GREEN1. GALOCHAS, as botas imperme\u00e1veis ideais para a chuva em PVC. Todas as nossas Galochas t\u00eam aroma a baunilha. Super femininas, divertidas e \u00fanicas \u2665<\/p>\n<p><strong>Caracter\u00edsticas<\/strong><br \/>\nMaterial: PVC<br \/>\nSalto: 3cm<\/p>\n","protected":false},"excerpt":{"rendered":"<p>RAINY611GREEN1. GALOCHAS, as botas imperme\u00e1veis ideais para a chuva em PVC. Todas as nossas Galochas t\u00eam aroma a baunilha. Super femininas, divertidas e \u00fanicas \u2665<\/p>\n<p><strong>Caracter\u00edsticas<\/strong><br \/>\nMaterial: PVC<br \/>\nSalto: 3cm<\/p>\n","protected":false},"featured_media":1173731,"comment_status":"open","ping_status":"closed","template":"","meta":[],"pwb-brand":[194],"product_brand":[],"product_cat":[394],"product_tag":[],"class_list":{"0":"post-901429","1":"product","2":"type-product","3":"status-publish","4":"has-post-thumbnail","6":"pwb-brand-cubanas","7":"product_cat-sem-categoria-en","9":"first","10":"instock","11":"taxable","12":"shipping-taxable","13":"purchasable","14":"product-type-variable"},"brands":[{"id":194,"name":"Cubanas","slug":"cubanas"}],"_links":{"self":[{"href":"https:\/\/www.madein-shops.com\/en\/wp-json\/wp\/v2\/product\/901429","targetHints":{"allow":["GET"]}}],"collection":[{"href":"https:\/\/www.madein-shops.com\/en\/wp-json\/wp\/v2\/product"}],"about":[{"href":"https:\/\/www.madein-shops.com\/en\/wp-json\/wp\/v2\/types\/product"}],"replies":[{"embeddable":true,"href":"https:\/\/www.madein-shops.com\/en\/wp-json\/wp\/v2\/comments?post=901429"}],"wp:featuredmedia":[{"embeddable":true,"href":"https:\/\/www.madein-shops.com\/en\/wp-json\/wp\/v2\/media\/1173731"}],"wp:attachment":[{"href":"https:\/\/www.madein-shops.com\/en\/wp-json\/wp\/v2\/media?parent=901429"}],"wp:term":[{"taxonomy":"pwb-brand","embeddable":true,"href":"https:\/\/www.madein-shops.com\/en\/wp-json\/wp\/v2\/pwb-brand?post=901429"},{"taxonomy":"product_brand","embeddable":true,"href":"https:\/\/www.madein-shops.com\/en\/wp-json\/wp\/v2\/product_brand?post=901429"},{"taxonomy":"product_cat","embeddable":true,"href":"https:\/\/www.madein-shops.com\/en\/wp-json\/wp\/v2\/product_cat?post=901429"},{"taxonomy":"product_tag","embeddable":true,"href":"https:\/\/www.madein-shops.com\/en\/wp-json\/wp\/v2\/product_tag?post=901429"}],"curies":[{"name":"wp","href":"https:\/\/api.w.org\/{rel}","templated":true}]}}