{"id":931371,"date":"2024-07-26T16:42:56","date_gmt":"2024-07-26T16:42:56","guid":{"rendered":"https:\/\/www.madein-shops.com\/produto\/chinelo-cubanas-rosa-claro\/"},"modified":"2025-07-03T14:48:02","modified_gmt":"2025-07-03T14:48:02","slug":"chinelo-cubanas-rosa-claro","status":"publish","type":"product","link":"https:\/\/www.madein-shops.com\/en\/produto\/chinelo-cubanas-rosa-claro\/","title":{"rendered":"Light pink Cubanas slippers"},"content":{"rendered":"<div>Feitos com amor e fibra de coco naturalmente male\u00e1veis, os chinelos Feel The Nature By CUBANAS garantem um ambiente saud\u00e1vel e conforto durante todo o dia para os seus p\u00e9s. Mat\u00e9rias-primas 100% renov\u00e1veis \u200b\u200be com elevada percentagem de biodegradabilidade, preparados a partir de \u00f3leos vegetais.<\/div>\n<div><\/div>\n<div><strong>Detalhes<\/strong><\/div>\n<div>Material: PVC com Fibra de Coco<\/div>\n<div>Refer\u00eancia: NATURE01PINK<\/div>\n<p><a href=\"https:\/\/www.madein-shops.com\/guia-de-tamanhos-feel-the-nature\/\" target=\"_blank\" rel=\"noopener\"><strong>Size guide<\/strong><\/a><\/p>\n<p>&nbsp;<\/p>\n","protected":false},"excerpt":{"rendered":"<div>Feitos com amor e fibra de coco naturalmente male\u00e1veis, os chinelos Feel The Nature By CUBANAS garantem um ambiente saud\u00e1vel e conforto durante todo o dia para os seus p\u00e9s. Mat\u00e9rias-primas 100% renov\u00e1veis \u200b\u200be com elevada percentagem de biodegradabilidade, preparados a partir de \u00f3leos vegetais.<\/div>\n<div><\/div>\n<div><strong>Detalhes<\/strong><\/div>\n<div>Material: PVC com Fibra de Coco<\/div>\n<div>Refer\u00eancia: NATURE01PINK<\/div>\n<p><a href=\"https:\/\/www.madein-shops.com\/guia-de-tamanhos-feel-the-nature\/\" target=\"_blank\" rel=\"noopener\"><strong>Size guide<\/strong><\/a><\/p>\n","protected":false},"featured_media":252288,"comment_status":"open","ping_status":"closed","template":"","meta":[],"pwb-brand":[194],"product_brand":[],"product_cat":[234,250],"product_tag":[],"class_list":{"0":"post-931371","1":"product","2":"type-product","3":"status-publish","4":"has-post-thumbnail","6":"pwb-brand-cubanas","7":"product_cat-feel-the-nature","8":"product_cat-feel-nc","10":"first","11":"instock","12":"taxable","13":"shipping-taxable","14":"purchasable","15":"product-type-variable"},"brands":[{"id":194,"name":"Cubanas","slug":"cubanas"}],"_links":{"self":[{"href":"https:\/\/www.madein-shops.com\/en\/wp-json\/wp\/v2\/product\/931371","targetHints":{"allow":["GET"]}}],"collection":[{"href":"https:\/\/www.madein-shops.com\/en\/wp-json\/wp\/v2\/product"}],"about":[{"href":"https:\/\/www.madein-shops.com\/en\/wp-json\/wp\/v2\/types\/product"}],"replies":[{"embeddable":true,"href":"https:\/\/www.madein-shops.com\/en\/wp-json\/wp\/v2\/comments?post=931371"}],"wp:featuredmedia":[{"embeddable":true,"href":"https:\/\/www.madein-shops.com\/en\/wp-json\/wp\/v2\/media\/252288"}],"wp:attachment":[{"href":"https:\/\/www.madein-shops.com\/en\/wp-json\/wp\/v2\/media?parent=931371"}],"wp:term":[{"taxonomy":"pwb-brand","embeddable":true,"href":"https:\/\/www.madein-shops.com\/en\/wp-json\/wp\/v2\/pwb-brand?post=931371"},{"taxonomy":"product_brand","embeddable":true,"href":"https:\/\/www.madein-shops.com\/en\/wp-json\/wp\/v2\/product_brand?post=931371"},{"taxonomy":"product_cat","embeddable":true,"href":"https:\/\/www.madein-shops.com\/en\/wp-json\/wp\/v2\/product_cat?post=931371"},{"taxonomy":"product_tag","embeddable":true,"href":"https:\/\/www.madein-shops.com\/en\/wp-json\/wp\/v2\/product_tag?post=931371"}],"curies":[{"name":"wp","href":"https:\/\/api.w.org\/{rel}","templated":true}]}}