{"id":992284,"date":"2023-07-31T15:18:51","date_gmt":"2023-07-31T15:18:51","guid":{"rendered":"https:\/\/www.madein-shops.com\/?post_type=product&#038;p=992284"},"modified":"2025-07-31T15:23:04","modified_gmt":"2025-07-31T15:23:04","slug":"mala-em-pvc-beige-e-alca-cubanas","status":"publish","type":"product","link":"https:\/\/www.madein-shops.com\/en\/produto\/mala-em-pvc-beige-e-alca-cubanas\/","title":{"rendered":"Mala em PVC Beige e Al\u00e7a Cubanas"},"content":{"rendered":"<p>Esta mala \u00e9 um modelo pr\u00e1tico, muito vers\u00e1til para o dia a dia.<\/p>\n<p><strong>Detalhes<\/strong><br \/>\n<b>Material:<\/b>\u00a0PVC com Fibra de Coco<br \/>\n<b>Refer\u00eancia:<\/b> BAG01BEIGE<\/p>\n","protected":false},"excerpt":{"rendered":"<p>Esta mala \u00e9 um modelo pr\u00e1tico, muito vers\u00e1til para o dia a dia.<\/p>\n<p><strong>Detalhes<\/strong><br \/>\n<b>Material:<\/b>\u00a0PVC com Fibra de Coco<br \/>\n<b>Refer\u00eancia:<\/b> BAG01BEIGE<\/p>\n","protected":false},"featured_media":992287,"comment_status":"open","ping_status":"closed","template":"","meta":[],"pwb-brand":[194],"product_brand":[],"product_cat":[77,94],"product_tag":[],"class_list":{"0":"post-992284","1":"product","2":"type-product","3":"status-publish","4":"has-post-thumbnail","6":"pwb-brand-cubanas","7":"product_cat-feel-the-nature-nc","8":"product_cat-feel-the-nature-cubanas","10":"first","11":"instock","12":"taxable","13":"shipping-taxable","14":"purchasable","15":"product-type-simple"},"brands":[{"id":194,"name":"Cubanas","slug":"cubanas"}],"_links":{"self":[{"href":"https:\/\/www.madein-shops.com\/en\/wp-json\/wp\/v2\/product\/992284","targetHints":{"allow":["GET"]}}],"collection":[{"href":"https:\/\/www.madein-shops.com\/en\/wp-json\/wp\/v2\/product"}],"about":[{"href":"https:\/\/www.madein-shops.com\/en\/wp-json\/wp\/v2\/types\/product"}],"replies":[{"embeddable":true,"href":"https:\/\/www.madein-shops.com\/en\/wp-json\/wp\/v2\/comments?post=992284"}],"wp:featuredmedia":[{"embeddable":true,"href":"https:\/\/www.madein-shops.com\/en\/wp-json\/wp\/v2\/media\/992287"}],"wp:attachment":[{"href":"https:\/\/www.madein-shops.com\/en\/wp-json\/wp\/v2\/media?parent=992284"}],"wp:term":[{"taxonomy":"pwb-brand","embeddable":true,"href":"https:\/\/www.madein-shops.com\/en\/wp-json\/wp\/v2\/pwb-brand?post=992284"},{"taxonomy":"product_brand","embeddable":true,"href":"https:\/\/www.madein-shops.com\/en\/wp-json\/wp\/v2\/product_brand?post=992284"},{"taxonomy":"product_cat","embeddable":true,"href":"https:\/\/www.madein-shops.com\/en\/wp-json\/wp\/v2\/product_cat?post=992284"},{"taxonomy":"product_tag","embeddable":true,"href":"https:\/\/www.madein-shops.com\/en\/wp-json\/wp\/v2\/product_tag?post=992284"}],"curies":[{"name":"wp","href":"https:\/\/api.w.org\/{rel}","templated":true}]}}